{"id":612,"date":"2021-06-15T10:47:58","date_gmt":"2021-06-15T08:47:58","guid":{"rendered":"https:\/\/apmmzg.webd.pro\/?page_id=612"},"modified":"2025-04-14T11:08:03","modified_gmt":"2025-04-14T09:08:03","slug":"baza","status":"publish","type":"page","link":"https:\/\/apmurawskiego.pl\/index.php\/baza\/","title":{"rendered":"Baza"},"content":{"rendered":"\t\t<div data-elementor-type=\"wp-page\" data-elementor-id=\"612\" class=\"elementor elementor-612\" data-elementor-post-type=\"page\">\n\t\t\t\t\t\t<section class=\"elementor-section elementor-top-section elementor-element elementor-element-77e80314 elementor-section-boxed elementor-section-height-default elementor-section-height-default wpr-particle-no wpr-jarallax-no wpr-parallax-no wpr-sticky-section-no\" data-id=\"77e80314\" data-element_type=\"section\" data-settings=\"{&quot;background_background&quot;:&quot;classic&quot;}\">\n\t\t\t\t\t\t<div class=\"elementor-container elementor-column-gap-default\">\n\t\t\t\t\t<div class=\"elementor-column elementor-col-100 elementor-top-column elementor-element elementor-element-21cb6ca9\" data-id=\"21cb6ca9\" data-element_type=\"column\">\n\t\t\t<div class=\"elementor-widget-wrap elementor-element-populated\">\n\t\t\t\t\t\t\t<\/div>\n\t\t<\/div>\n\t\t\t\t\t<\/div>\n\t\t<\/section>\n\t\t\t\t<section class=\"elementor-section elementor-top-section elementor-element elementor-element-27f4175f elementor-section-boxed elementor-section-height-default elementor-section-height-default wpr-particle-no wpr-jarallax-no wpr-parallax-no wpr-sticky-section-no\" data-id=\"27f4175f\" data-element_type=\"section\">\n\t\t\t\t\t\t<div class=\"elementor-container elementor-column-gap-default\">\n\t\t\t\t\t<div class=\"elementor-column elementor-col-100 elementor-top-column elementor-element elementor-element-65a7b14\" data-id=\"65a7b14\" data-element_type=\"column\">\n\t\t\t<div class=\"elementor-widget-wrap elementor-element-populated\">\n\t\t\t\t\t\t<section class=\"elementor-section elementor-inner-section elementor-element elementor-element-e595c9e elementor-section-boxed elementor-section-height-default elementor-section-height-default wpr-particle-no wpr-jarallax-no wpr-parallax-no wpr-sticky-section-no\" data-id=\"e595c9e\" data-element_type=\"section\">\n\t\t\t\t\t\t<div class=\"elementor-container elementor-column-gap-no\">\n\t\t\t\t\t<div class=\"elementor-column elementor-col-50 elementor-inner-column elementor-element elementor-element-1322b9e\" data-id=\"1322b9e\" data-element_type=\"column\">\n\t\t\t<div class=\"elementor-widget-wrap elementor-element-populated\">\n\t\t\t\t\t\t<div class=\"elementor-element elementor-element-82f81e1 elementor-widget elementor-widget-image\" data-id=\"82f81e1\" data-element_type=\"widget\" data-widget_type=\"image.default\">\n\t\t\t\t<div class=\"elementor-widget-container\">\n\t\t\t\t\t\t\t\t\t\t\t\t\t\t\t<img fetchpriority=\"high\" decoding=\"async\" width=\"640\" height=\"360\" src=\"https:\/\/apmurawskiego.pl\/wp-content\/uploads\/2025\/04\/Sulechowska-1024x576.jpg\" class=\"attachment-large size-large wp-image-3829\" alt=\"\" srcset=\"https:\/\/apmurawskiego.pl\/wp-content\/uploads\/2025\/04\/Sulechowska-1024x576.jpg 1024w, https:\/\/apmurawskiego.pl\/wp-content\/uploads\/2025\/04\/Sulechowska-300x169.jpg 300w, https:\/\/apmurawskiego.pl\/wp-content\/uploads\/2025\/04\/Sulechowska-768x432.jpg 768w, https:\/\/apmurawskiego.pl\/wp-content\/uploads\/2025\/04\/Sulechowska-1536x864.jpg 1536w, https:\/\/apmurawskiego.pl\/wp-content\/uploads\/2025\/04\/Sulechowska-128x72.jpg 128w, https:\/\/apmurawskiego.pl\/wp-content\/uploads\/2025\/04\/Sulechowska-32x18.jpg 32w, https:\/\/apmurawskiego.pl\/wp-content\/uploads\/2025\/04\/Sulechowska-1568x882.jpg 1568w, https:\/\/apmurawskiego.pl\/wp-content\/uploads\/2025\/04\/Sulechowska.jpg 1600w\" sizes=\"(max-width: 34.9rem) calc(100vw - 2rem), (max-width: 53rem) calc(8 * (100vw \/ 12)), (min-width: 53rem) calc(6 * (100vw \/ 12)), 100vw\" \/>\t\t\t\t\t\t\t\t\t\t\t\t\t\t\t<\/div>\n\t\t\t\t<\/div>\n\t\t\t\t\t<\/div>\n\t\t<\/div>\n\t\t\t\t<div class=\"elementor-column elementor-col-50 elementor-inner-column elementor-element elementor-element-795b717\" data-id=\"795b717\" data-element_type=\"column\">\n\t\t\t<div class=\"elementor-widget-wrap elementor-element-populated\">\n\t\t\t\t\t\t<div class=\"elementor-element elementor-element-9bec980 elementor-widget elementor-widget-text-editor\" data-id=\"9bec980\" data-element_type=\"widget\" data-widget_type=\"text-editor.default\">\n\t\t\t\t<div class=\"elementor-widget-container\">\n\t\t\t\t\t\t\t\t\t<p><strong>Boisko trawiaste<\/strong> przy ul. Wyspia\u0144skiego &#8211; <br \/>zarz\u0105dca Akademia Pi\u0142karska Macieja Murawskiego<\/p><p><!-- \/wp:list --><\/p>\t\t\t\t\t\t\t\t<\/div>\n\t\t\t\t<\/div>\n\t\t\t\t\t<\/div>\n\t\t<\/div>\n\t\t\t\t\t<\/div>\n\t\t<\/section>\n\t\t\t\t<section class=\"elementor-section elementor-inner-section elementor-element elementor-element-590306e elementor-section-boxed elementor-section-height-default elementor-section-height-default wpr-particle-no wpr-jarallax-no wpr-parallax-no wpr-sticky-section-no\" data-id=\"590306e\" data-element_type=\"section\">\n\t\t\t\t\t\t<div class=\"elementor-container elementor-column-gap-no\">\n\t\t\t\t\t<div class=\"elementor-column elementor-col-50 elementor-inner-column elementor-element elementor-element-dbb3b34\" data-id=\"dbb3b34\" data-element_type=\"column\">\n\t\t\t<div class=\"elementor-widget-wrap elementor-element-populated\">\n\t\t\t\t\t\t<div class=\"elementor-element elementor-element-d5400c0 elementor-widget elementor-widget-text-editor\" data-id=\"d5400c0\" data-element_type=\"widget\" data-widget_type=\"text-editor.default\">\n\t\t\t\t<div class=\"elementor-widget-container\">\n\t\t\t\t\t\t\t\t\t<p><strong>Boiska trawiaste<\/strong> przy ul. Sulechowskiej &#8211; <br \/>zarz\u0105dca MOSiR Zielona G\u00f3ra: <a href=\"https:\/\/www.mosir.zgora.pl\/stadion\/boiska-pilkarskie\/biosko-glowne\">https:\/\/www.mosir.zgora.pl\/stadion\/boiska-pilkarskie\/biosko-glowne<\/a><\/p>\n<p><!-- \/wp:list --><\/p>\t\t\t\t\t\t\t\t<\/div>\n\t\t\t\t<\/div>\n\t\t\t\t\t<\/div>\n\t\t<\/div>\n\t\t\t\t<div class=\"elementor-column elementor-col-50 elementor-inner-column elementor-element elementor-element-45e2ff8\" data-id=\"45e2ff8\" data-element_type=\"column\">\n\t\t\t<div class=\"elementor-widget-wrap elementor-element-populated\">\n\t\t\t\t\t\t<div class=\"elementor-element elementor-element-ff51cbd elementor-widget elementor-widget-image\" data-id=\"ff51cbd\" data-element_type=\"widget\" data-widget_type=\"image.default\">\n\t\t\t\t<div class=\"elementor-widget-container\">\n\t\t\t\t\t\t\t\t\t\t\t\t\t\t\t<img decoding=\"async\" width=\"640\" height=\"414\" data-src=\"https:\/\/apmurawskiego.pl\/wp-content\/uploads\/2025\/04\/Sulechowska-dobre-kadr-1024x662.jpg\" class=\"attachment-large size-large wp-image-3976 lazyload\" alt=\"\" data-srcset=\"https:\/\/apmurawskiego.pl\/wp-content\/uploads\/2025\/04\/Sulechowska-dobre-kadr-1024x662.jpg 1024w, https:\/\/apmurawskiego.pl\/wp-content\/uploads\/2025\/04\/Sulechowska-dobre-kadr-300x194.jpg 300w, https:\/\/apmurawskiego.pl\/wp-content\/uploads\/2025\/04\/Sulechowska-dobre-kadr-768x496.jpg 768w, https:\/\/apmurawskiego.pl\/wp-content\/uploads\/2025\/04\/Sulechowska-dobre-kadr-128x83.jpg 128w, https:\/\/apmurawskiego.pl\/wp-content\/uploads\/2025\/04\/Sulechowska-dobre-kadr-32x21.jpg 32w, https:\/\/apmurawskiego.pl\/wp-content\/uploads\/2025\/04\/Sulechowska-dobre-kadr.jpg 1360w\" data-sizes=\"(max-width: 34.9rem) calc(100vw - 2rem), (max-width: 53rem) calc(8 * (100vw \/ 12)), (min-width: 53rem) calc(6 * (100vw \/ 12)), 100vw\" src=\"data:image\/gif;base64,R0lGODlhAQABAAAAACH5BAEKAAEALAAAAAABAAEAAAICTAEAOw==\" style=\"--smush-placeholder-width: 640px; --smush-placeholder-aspect-ratio: 640\/414;\" \/><noscript><img decoding=\"async\" width=\"640\" height=\"414\" src=\"https:\/\/apmurawskiego.pl\/wp-content\/uploads\/2025\/04\/Sulechowska-dobre-kadr-1024x662.jpg\" class=\"attachment-large size-large wp-image-3976\" alt=\"\" srcset=\"https:\/\/apmurawskiego.pl\/wp-content\/uploads\/2025\/04\/Sulechowska-dobre-kadr-1024x662.jpg 1024w, https:\/\/apmurawskiego.pl\/wp-content\/uploads\/2025\/04\/Sulechowska-dobre-kadr-300x194.jpg 300w, https:\/\/apmurawskiego.pl\/wp-content\/uploads\/2025\/04\/Sulechowska-dobre-kadr-768x496.jpg 768w, https:\/\/apmurawskiego.pl\/wp-content\/uploads\/2025\/04\/Sulechowska-dobre-kadr-128x83.jpg 128w, https:\/\/apmurawskiego.pl\/wp-content\/uploads\/2025\/04\/Sulechowska-dobre-kadr-32x21.jpg 32w, https:\/\/apmurawskiego.pl\/wp-content\/uploads\/2025\/04\/Sulechowska-dobre-kadr.jpg 1360w\" sizes=\"(max-width: 34.9rem) calc(100vw - 2rem), (max-width: 53rem) calc(8 * (100vw \/ 12)), (min-width: 53rem) calc(6 * (100vw \/ 12)), 100vw\" \/><\/noscript>\t\t\t\t\t\t\t\t\t\t\t\t\t\t\t<\/div>\n\t\t\t\t<\/div>\n\t\t\t\t\t<\/div>\n\t\t<\/div>\n\t\t\t\t\t<\/div>\n\t\t<\/section>\n\t\t\t\t<section class=\"elementor-section elementor-inner-section elementor-element elementor-element-600de55 elementor-section-boxed elementor-section-height-default elementor-section-height-default wpr-particle-no wpr-jarallax-no wpr-parallax-no wpr-sticky-section-no\" data-id=\"600de55\" data-element_type=\"section\">\n\t\t\t\t\t\t<div class=\"elementor-container elementor-column-gap-no\">\n\t\t\t\t\t<div class=\"elementor-column elementor-col-50 elementor-inner-column elementor-element elementor-element-49fcf3e\" data-id=\"49fcf3e\" data-element_type=\"column\">\n\t\t\t<div class=\"elementor-widget-wrap elementor-element-populated\">\n\t\t\t\t\t\t<div class=\"elementor-element elementor-element-61161a9 elementor-widget elementor-widget-image\" data-id=\"61161a9\" data-element_type=\"widget\" data-widget_type=\"image.default\">\n\t\t\t\t<div class=\"elementor-widget-container\">\n\t\t\t\t\t\t\t\t\t\t\t\t\t\t\t<img decoding=\"async\" width=\"640\" height=\"359\" data-src=\"https:\/\/apmurawskiego.pl\/wp-content\/uploads\/2022\/11\/biosko_ameli1.jpg\" class=\"attachment-large size-large wp-image-2183 lazyload\" alt=\"\" data-srcset=\"https:\/\/apmurawskiego.pl\/wp-content\/uploads\/2022\/11\/biosko_ameli1.jpg 800w, https:\/\/apmurawskiego.pl\/wp-content\/uploads\/2022\/11\/biosko_ameli1-300x168.jpg 300w, https:\/\/apmurawskiego.pl\/wp-content\/uploads\/2022\/11\/biosko_ameli1-768x431.jpg 768w, https:\/\/apmurawskiego.pl\/wp-content\/uploads\/2022\/11\/biosko_ameli1-128x72.jpg 128w, https:\/\/apmurawskiego.pl\/wp-content\/uploads\/2022\/11\/biosko_ameli1-32x18.jpg 32w\" data-sizes=\"(max-width: 34.9rem) calc(100vw - 2rem), (max-width: 53rem) calc(8 * (100vw \/ 12)), (min-width: 53rem) calc(6 * (100vw \/ 12)), 100vw\" src=\"data:image\/gif;base64,R0lGODlhAQABAAAAACH5BAEKAAEALAAAAAABAAEAAAICTAEAOw==\" style=\"--smush-placeholder-width: 640px; --smush-placeholder-aspect-ratio: 640\/359;\" \/><noscript><img decoding=\"async\" width=\"640\" height=\"359\" src=\"https:\/\/apmurawskiego.pl\/wp-content\/uploads\/2022\/11\/biosko_ameli1.jpg\" class=\"attachment-large size-large wp-image-2183\" alt=\"\" srcset=\"https:\/\/apmurawskiego.pl\/wp-content\/uploads\/2022\/11\/biosko_ameli1.jpg 800w, https:\/\/apmurawskiego.pl\/wp-content\/uploads\/2022\/11\/biosko_ameli1-300x168.jpg 300w, https:\/\/apmurawskiego.pl\/wp-content\/uploads\/2022\/11\/biosko_ameli1-768x431.jpg 768w, https:\/\/apmurawskiego.pl\/wp-content\/uploads\/2022\/11\/biosko_ameli1-128x72.jpg 128w, https:\/\/apmurawskiego.pl\/wp-content\/uploads\/2022\/11\/biosko_ameli1-32x18.jpg 32w\" sizes=\"(max-width: 34.9rem) calc(100vw - 2rem), (max-width: 53rem) calc(8 * (100vw \/ 12)), (min-width: 53rem) calc(6 * (100vw \/ 12)), 100vw\" \/><\/noscript>\t\t\t\t\t\t\t\t\t\t\t\t\t\t\t<\/div>\n\t\t\t\t<\/div>\n\t\t\t\t\t<\/div>\n\t\t<\/div>\n\t\t\t\t<div class=\"elementor-column elementor-col-50 elementor-inner-column elementor-element elementor-element-8a50034\" data-id=\"8a50034\" data-element_type=\"column\">\n\t\t\t<div class=\"elementor-widget-wrap elementor-element-populated\">\n\t\t\t\t\t\t<div class=\"elementor-element elementor-element-1e9e9fe elementor-widget elementor-widget-text-editor\" data-id=\"1e9e9fe\" data-element_type=\"widget\" data-widget_type=\"text-editor.default\">\n\t\t\t\t<div class=\"elementor-widget-container\">\n\t\t\t\t\t\t\t\t\t<p><strong>Boiska trawiaste<\/strong> przy ul. Amelii &#8211; <br \/>zarz\u0105dca MOSiR Zielona G\u00f3ra: <a href=\"https:\/\/www.mosir.zgora.pl\/stadion\/boiska-pilkarskie\/boiska-ul-ameli\">https:\/\/www.mosir.zgora.pl\/stadion\/boiska-pilkarskie\/boiska-ul-ameli<\/a><\/p>\n<p><!-- \/wp:list --><\/p>\t\t\t\t\t\t\t\t<\/div>\n\t\t\t\t<\/div>\n\t\t\t\t\t<\/div>\n\t\t<\/div>\n\t\t\t\t\t<\/div>\n\t\t<\/section>\n\t\t\t\t<section class=\"elementor-section elementor-inner-section elementor-element elementor-element-2c433db elementor-section-boxed elementor-section-height-default elementor-section-height-default wpr-particle-no wpr-jarallax-no wpr-parallax-no wpr-sticky-section-no\" data-id=\"2c433db\" data-element_type=\"section\">\n\t\t\t\t\t\t<div class=\"elementor-container elementor-column-gap-no\">\n\t\t\t\t\t<div class=\"elementor-column elementor-col-50 elementor-inner-column elementor-element elementor-element-62f61fe\" data-id=\"62f61fe\" data-element_type=\"column\">\n\t\t\t<div class=\"elementor-widget-wrap elementor-element-populated\">\n\t\t\t\t\t\t<div class=\"elementor-element elementor-element-1e7b5ca elementor-widget elementor-widget-text-editor\" data-id=\"1e7b5ca\" data-element_type=\"widget\" data-widget_type=\"text-editor.default\">\n\t\t\t\t<div class=\"elementor-widget-container\">\n\t\t\t\t\t\t\t\t\t<p><strong>Boisko ze sztuczn\u0105 nawierzchni\u0105<\/strong> przy ul. Sulechowskiej &#8211;<br \/>zarz\u0105dca MOSiR Zielona G\u00f3ra <a href=\"https:\/\/www.mosir.zgora.pl\/stadion\/boiska-pilkarskie\/boisko-ze-sztuczna-nawierzchnia\">https:\/\/www.mosir.zgora.pl\/stadion\/boiska-pilkarskie\/boisko-ze-sztuczna-nawierzchnia<\/a><\/p>\n<p><!-- \/wp:list --><\/p>\t\t\t\t\t\t\t\t<\/div>\n\t\t\t\t<\/div>\n\t\t\t\t\t<\/div>\n\t\t<\/div>\n\t\t\t\t<div class=\"elementor-column elementor-col-50 elementor-inner-column elementor-element elementor-element-ac79c9a\" data-id=\"ac79c9a\" data-element_type=\"column\">\n\t\t\t<div class=\"elementor-widget-wrap elementor-element-populated\">\n\t\t\t\t\t\t<div class=\"elementor-element elementor-element-f326d28 elementor-widget elementor-widget-image\" data-id=\"f326d28\" data-element_type=\"widget\" data-widget_type=\"image.default\">\n\t\t\t\t<div class=\"elementor-widget-container\">\n\t\t\t\t\t\t\t\t\t\t\t\t\t\t\t<img loading=\"lazy\" decoding=\"async\" width=\"640\" height=\"359\" data-src=\"https:\/\/apmurawskiego.pl\/wp-content\/uploads\/2022\/11\/biosk_szt1.jpg\" class=\"attachment-large size-large wp-image-2181 lazyload\" alt=\"\" data-srcset=\"https:\/\/apmurawskiego.pl\/wp-content\/uploads\/2022\/11\/biosk_szt1.jpg 800w, https:\/\/apmurawskiego.pl\/wp-content\/uploads\/2022\/11\/biosk_szt1-300x168.jpg 300w, https:\/\/apmurawskiego.pl\/wp-content\/uploads\/2022\/11\/biosk_szt1-768x431.jpg 768w, https:\/\/apmurawskiego.pl\/wp-content\/uploads\/2022\/11\/biosk_szt1-128x72.jpg 128w, https:\/\/apmurawskiego.pl\/wp-content\/uploads\/2022\/11\/biosk_szt1-32x18.jpg 32w\" data-sizes=\"(max-width: 34.9rem) calc(100vw - 2rem), (max-width: 53rem) calc(8 * (100vw \/ 12)), (min-width: 53rem) calc(6 * (100vw \/ 12)), 100vw\" src=\"data:image\/gif;base64,R0lGODlhAQABAAAAACH5BAEKAAEALAAAAAABAAEAAAICTAEAOw==\" style=\"--smush-placeholder-width: 640px; --smush-placeholder-aspect-ratio: 640\/359;\" \/><noscript><img loading=\"lazy\" decoding=\"async\" width=\"640\" height=\"359\" src=\"https:\/\/apmurawskiego.pl\/wp-content\/uploads\/2022\/11\/biosk_szt1.jpg\" class=\"attachment-large size-large wp-image-2181\" alt=\"\" srcset=\"https:\/\/apmurawskiego.pl\/wp-content\/uploads\/2022\/11\/biosk_szt1.jpg 800w, https:\/\/apmurawskiego.pl\/wp-content\/uploads\/2022\/11\/biosk_szt1-300x168.jpg 300w, https:\/\/apmurawskiego.pl\/wp-content\/uploads\/2022\/11\/biosk_szt1-768x431.jpg 768w, https:\/\/apmurawskiego.pl\/wp-content\/uploads\/2022\/11\/biosk_szt1-128x72.jpg 128w, https:\/\/apmurawskiego.pl\/wp-content\/uploads\/2022\/11\/biosk_szt1-32x18.jpg 32w\" sizes=\"(max-width: 34.9rem) calc(100vw - 2rem), (max-width: 53rem) calc(8 * (100vw \/ 12)), (min-width: 53rem) calc(6 * (100vw \/ 12)), 100vw\" \/><\/noscript>\t\t\t\t\t\t\t\t\t\t\t\t\t\t\t<\/div>\n\t\t\t\t<\/div>\n\t\t\t\t\t<\/div>\n\t\t<\/div>\n\t\t\t\t\t<\/div>\n\t\t<\/section>\n\t\t\t\t\t<\/div>\n\t\t<\/div>\n\t\t\t\t\t<\/div>\n\t\t<\/section>\n\t\t\t\t<section class=\"elementor-section elementor-top-section elementor-element elementor-element-131c6c9 elementor-section-boxed elementor-section-height-default elementor-section-height-default wpr-particle-no wpr-jarallax-no wpr-parallax-no wpr-sticky-section-no\" data-id=\"131c6c9\" data-element_type=\"section\">\n\t\t\t\t\t\t<div class=\"elementor-container elementor-column-gap-default\">\n\t\t\t\t\t<div class=\"elementor-column elementor-col-100 elementor-top-column elementor-element elementor-element-5e88738\" data-id=\"5e88738\" data-element_type=\"column\">\n\t\t\t<div class=\"elementor-widget-wrap elementor-element-populated\">\n\t\t\t\t\t\t<div class=\"elementor-element elementor-element-8097e52 elementor-icon-list--layout-traditional elementor-list-item-link-full_width elementor-widget elementor-widget-icon-list\" data-id=\"8097e52\" data-element_type=\"widget\" data-widget_type=\"icon-list.default\">\n\t\t\t\t<div class=\"elementor-widget-container\">\n\t\t\t\t\t\t\t<ul class=\"elementor-icon-list-items\">\n\t\t\t\t\t\t\t<li class=\"elementor-icon-list-item\">\n\t\t\t\t\t\t\t\t\t\t\t<span class=\"elementor-icon-list-icon\">\n\t\t\t\t\t\t\t<i aria-hidden=\"true\" class=\"fas fa-check\"><\/i>\t\t\t\t\t\t<\/span>\n\t\t\t\t\t\t\t\t\t\t<span class=\"elementor-icon-list-text\"><b>Obiekty sportowe Zespo\u0142u Szk\u00f3\u0142 Og\u00f3lnokszta\u0142c\u0105cych i Sportowych w Zielonej G\u00f3rze przy ul. Wyspia\u0144skiego: dwie sale gimnastyczne, orlik, boisko trawiaste<\/span>\n\t\t\t\t\t\t\t\t\t<\/li>\n\t\t\t\t\t\t\t\t<li class=\"elementor-icon-list-item\">\n\t\t\t\t\t\t\t\t\t\t\t<span class=\"elementor-icon-list-icon\">\n\t\t\t\t\t\t\t<i aria-hidden=\"true\" class=\"fas fa-check\"><\/i>\t\t\t\t\t\t<\/span>\n\t\t\t\t\t\t\t\t\t\t<span class=\"elementor-icon-list-text\"><b>Obiekty sportowe Zespo\u0142u Edukacyjnego nr 4 w Drzonkowie przy ul. Szkolnej: boisko pi\u0142karskie, hala sportowa<\/span>\n\t\t\t\t\t\t\t\t\t<\/li>\n\t\t\t\t\t\t\t\t<li class=\"elementor-icon-list-item\">\n\t\t\t\t\t\t\t\t\t\t\t<span class=\"elementor-icon-list-icon\">\n\t\t\t\t\t\t\t<i aria-hidden=\"true\" class=\"fas fa-check\"><\/i>\t\t\t\t\t\t<\/span>\n\t\t\t\t\t\t\t\t\t\t<span class=\"elementor-icon-list-text\"><b>Boisko pi\u0142karskie w Ochli przy ul. Zielonog\u00f3rskiej 1 \u2013 zarz\u0105dca MOSiR Zielona G\u00f3ra<\/span>\n\t\t\t\t\t\t\t\t\t<\/li>\n\t\t\t\t\t\t\t\t<li class=\"elementor-icon-list-item\">\n\t\t\t\t\t\t\t\t\t\t\t<span class=\"elementor-icon-list-icon\">\n\t\t\t\t\t\t\t<i aria-hidden=\"true\" class=\"fas fa-check\"><\/i>\t\t\t\t\t\t<\/span>\n\t\t\t\t\t\t\t\t\t\t<span class=\"elementor-icon-list-text\"><b>Boisko pi\u0142karskie w Zawadzie przy ul. Sportowej \u2013 zarz\u0105dca MOSiR Zielona G\u00f3ra<\/span>\n\t\t\t\t\t\t\t\t\t<\/li>\n\t\t\t\t\t\t\t\t<li class=\"elementor-icon-list-item\">\n\t\t\t\t\t\t\t\t\t\t\t<span class=\"elementor-icon-list-icon\">\n\t\t\t\t\t\t\t<i aria-hidden=\"true\" class=\"fas fa-check\"><\/i>\t\t\t\t\t\t<\/span>\n\t\t\t\t\t\t\t\t\t\t<span class=\"elementor-icon-list-text\"><b>Orlik w Raculi przy ul. Saperskiej<\/span>\n\t\t\t\t\t\t\t\t\t<\/li>\n\t\t\t\t\t\t\t\t<li class=\"elementor-icon-list-item\">\n\t\t\t\t\t\t\t\t\t\t\t<span class=\"elementor-icon-list-icon\">\n\t\t\t\t\t\t\t<i aria-hidden=\"true\" class=\"fas fa-check\"><\/i>\t\t\t\t\t\t<\/span>\n\t\t\t\t\t\t\t\t\t\t<span class=\"elementor-icon-list-text\"><b>Hala Sportowa \u2013 sala fitnes, sala gimnastyczna przy ul. Waz\u00f3w<\/b><\/span>\n\t\t\t\t\t\t\t\t\t<\/li>\n\t\t\t\t\t\t<\/ul>\n\t\t\t\t\t\t<\/div>\n\t\t\t\t<\/div>\n\t\t\t\t\t<\/div>\n\t\t<\/div>\n\t\t\t\t\t<\/div>\n\t\t<\/section>\n\t\t\t\t<\/div>\n\t\t","protected":false},"excerpt":{"rendered":"<p>Boisko trawiaste przy ul. Wyspia\u0144skiego &#8211; zarz\u0105dca Akademia Pi\u0142karska Macieja Murawskiego Boiska trawiaste przy ul. Sulechowskiej &#8211; zarz\u0105dca MOSiR Zielona G\u00f3ra: https:\/\/www.mosir.zgora.pl\/stadion\/boiska-pilkarskie\/biosko-glowne Boiska trawiaste przy ul. Amelii &#8211; zarz\u0105dca MOSiR Zielona G\u00f3ra: https:\/\/www.mosir.zgora.pl\/stadion\/boiska-pilkarskie\/boiska-ul-ameli Boisko ze sztuczn\u0105 nawierzchni\u0105 przy ul. Sulechowskiej &#8211;zarz\u0105dca MOSiR Zielona G\u00f3ra https:\/\/www.mosir.zgora.pl\/stadion\/boiska-pilkarskie\/boisko-ze-sztuczna-nawierzchnia Obiekty sportowe Zespo\u0142u Szk\u00f3\u0142 Og\u00f3lnokszta\u0142c\u0105cych i Sportowych w Zielonej G\u00f3rze przy ul. Wyspia\u0144skiego: dwie sale gimnastyczne, orlik, boisko trawiaste Obiekty sportowe Zespo\u0142u Edukacyjnego nr 4 w Drzonkowie przy ul. Szkolnej: boisko pi\u0142karskie, hala sportowa Boisko pi\u0142karskie w Ochli przy ul. Zielonog\u00f3rskiej 1 \u2013 zarz\u0105dca MOSiR Zielona G\u00f3ra Boisko pi\u0142karskie w Zawadzie przy ul. Sportowej \u2013 zarz\u0105dca MOSiR Zielona G\u00f3ra Orlik w Raculi przy ul. Saperskiej Hala Sportowa \u2013 sala fitnes, sala gimnastyczna przy ul. Waz\u00f3w<\/p>\n","protected":false},"author":1,"featured_media":0,"parent":0,"menu_order":0,"comment_status":"closed","ping_status":"closed","template":"elementor_header_footer","meta":{"footnotes":""},"class_list":["post-612","page","type-page","status-publish","hentry","entry"],"_links":{"self":[{"href":"https:\/\/apmurawskiego.pl\/index.php\/wp-json\/wp\/v2\/pages\/612","targetHints":{"allow":["GET"]}}],"collection":[{"href":"https:\/\/apmurawskiego.pl\/index.php\/wp-json\/wp\/v2\/pages"}],"about":[{"href":"https:\/\/apmurawskiego.pl\/index.php\/wp-json\/wp\/v2\/types\/page"}],"author":[{"embeddable":true,"href":"https:\/\/apmurawskiego.pl\/index.php\/wp-json\/wp\/v2\/users\/1"}],"replies":[{"embeddable":true,"href":"https:\/\/apmurawskiego.pl\/index.php\/wp-json\/wp\/v2\/comments?post=612"}],"version-history":[{"count":79,"href":"https:\/\/apmurawskiego.pl\/index.php\/wp-json\/wp\/v2\/pages\/612\/revisions"}],"predecessor-version":[{"id":4127,"href":"https:\/\/apmurawskiego.pl\/index.php\/wp-json\/wp\/v2\/pages\/612\/revisions\/4127"}],"wp:attachment":[{"href":"https:\/\/apmurawskiego.pl\/index.php\/wp-json\/wp\/v2\/media?parent=612"}],"curies":[{"name":"wp","href":"https:\/\/api.w.org\/{rel}","templated":true}]}}