{"id":755,"date":"2021-07-08T08:07:01","date_gmt":"2021-07-08T06:07:01","guid":{"rendered":"https:\/\/apmmzg.webd.pro\/?page_id=755"},"modified":"2025-04-09T15:09:49","modified_gmt":"2025-04-09T13:09:49","slug":"skladki-czlonkowskie","status":"publish","type":"page","link":"https:\/\/apmurawskiego.pl\/index.php\/skladki-czlonkowskie\/","title":{"rendered":"Sk\u0142adki cz\u0142onkowskie"},"content":{"rendered":"\t\t<div data-elementor-type=\"wp-page\" data-elementor-id=\"755\" class=\"elementor elementor-755\" data-elementor-post-type=\"page\">\n\t\t\t\t\t\t<section class=\"elementor-section elementor-top-section elementor-element elementor-element-16bb757d elementor-section-boxed elementor-section-height-default elementor-section-height-default wpr-particle-no wpr-jarallax-no wpr-parallax-no wpr-sticky-section-no\" data-id=\"16bb757d\" data-element_type=\"section\" data-settings=\"{&quot;background_background&quot;:&quot;classic&quot;}\">\n\t\t\t\t\t\t<div class=\"elementor-container elementor-column-gap-default\">\n\t\t\t\t\t<div class=\"elementor-column elementor-col-100 elementor-top-column elementor-element elementor-element-221cd639\" data-id=\"221cd639\" data-element_type=\"column\">\n\t\t\t<div class=\"elementor-widget-wrap elementor-element-populated\">\n\t\t\t\t\t\t\t<\/div>\n\t\t<\/div>\n\t\t\t\t\t<\/div>\n\t\t<\/section>\n\t\t\t\t<section class=\"elementor-section elementor-top-section elementor-element elementor-element-53199e4f elementor-section-boxed elementor-section-height-default elementor-section-height-default wpr-particle-no wpr-jarallax-no wpr-parallax-no wpr-sticky-section-no\" data-id=\"53199e4f\" data-element_type=\"section\" data-settings=\"{&quot;background_background&quot;:&quot;classic&quot;}\">\n\t\t\t\t\t\t<div class=\"elementor-container elementor-column-gap-default\">\n\t\t\t\t\t<div class=\"elementor-column elementor-col-100 elementor-top-column elementor-element elementor-element-6849e6fe\" data-id=\"6849e6fe\" data-element_type=\"column\">\n\t\t\t<div class=\"elementor-widget-wrap elementor-element-populated\">\n\t\t\t\t\t\t<div class=\"elementor-element elementor-element-50da973 elementor-widget elementor-widget-text-editor\" data-id=\"50da973\" data-element_type=\"widget\" data-widget_type=\"text-editor.default\">\n\t\t\t\t<div class=\"elementor-widget-container\">\n\t\t\t\t\t\t\t\t\t<p class=\"has-text-align-left\" style=\"line-height: 1.3; text-align: left; font-size: 16px;\">\n  Od dnia 01.04.2022 r. sk\u0142adka cz\u0142onkowska wynosi <strong>200 z\u0142<\/strong> za miesi\u0105c za jedno dziecko.\n<\/p>\n\n<p class=\"has-text-align-left\" style=\"line-height: 1.3; font-size: 16px;\">\n  W przypadku, gdy w Akademii trenuje rodze\u0144stwo sk\u0142adka cz\u0142onkowska za ka\u017cde z dzieci wynosi <strong>170 z\u0142<\/strong> za miesi\u0105c.\n<\/p>\n\n<p class=\"has-text-align-left\" style=\"line-height: 1.3; font-size: 16px;\">\n  Sk\u0142adki s\u0105 p\u0142atne do 10-ego dnia ka\u017cdego miesi\u0105ca z g\u00f3ry tj. do 10-ego dnia danego miesi\u0105ca za ten miesi\u0105c. Sk\u0142adki nale\u017cy uiszcza\u0107 na konto Akademii:\n<\/p>\n\n<p class=\"has-text-align-left\" style=\"line-height: 1.3; font-size: 16px;\">\n  <strong>70 2030 0045 1110 0000 0387 5450.<\/strong>\n<\/p>\n\n<p class=\"has-text-align-left\" style=\"line-height: 1.3; font-size: 16px;\">\n  Sk\u0142adki s\u0105 op\u0142atami cz\u0142onkowskimi, a nie op\u0142atami za treningi. Nale\u017cy je uiszcza\u0107 zgodnie z podanym powy\u017cej terminem, przez 12 miesi\u0119cy w roku, niezale\u017cnie od przerwy wakacyjnej, kt\u00f3ra przypada na miesi\u0105c lipiec ka\u017cdego roku. Nie przewidujemy przerw w op\u0142acaniu sk\u0142adek. Ewentualne zwolnienie ze sk\u0142adek mo\u017ce nast\u0105pi\u0107 jedynie w wyj\u0105tkowych przypadkach, po udzieleniu zgody Zarz\u0105du, zgodnie z Regulaminem Akademii Pi\u0142karskiej Macieja Murawskiego.\n<\/p>\n\t\t\t\t\t\t\t\t<\/div>\n\t\t\t\t<\/div>\n\t\t\t\t\t<\/div>\n\t\t<\/div>\n\t\t\t\t\t<\/div>\n\t\t<\/section>\n\t\t\t\t<section class=\"elementor-section elementor-top-section elementor-element elementor-element-c3e6af9 elementor-hidden-mobile elementor-hidden-desktop elementor-hidden-tablet elementor-section-boxed elementor-section-height-default elementor-section-height-default wpr-particle-no wpr-jarallax-no wpr-parallax-no wpr-sticky-section-no\" data-id=\"c3e6af9\" data-element_type=\"section\" data-settings=\"{&quot;background_background&quot;:&quot;classic&quot;}\">\n\t\t\t\t\t\t\t<div class=\"elementor-background-overlay\"><\/div>\n\t\t\t\t\t\t\t<div class=\"elementor-container elementor-column-gap-no\">\n\t\t\t\t\t<div class=\"elementor-column elementor-col-50 elementor-top-column elementor-element elementor-element-afed47a\" data-id=\"afed47a\" data-element_type=\"column\">\n\t\t\t<div class=\"elementor-widget-wrap elementor-element-populated\">\n\t\t\t\t\t\t<div class=\"elementor-element elementor-element-352240b animated-fast elementor-absolute elementor-invisible elementor-widget elementor-widget-image\" data-id=\"352240b\" data-element_type=\"widget\" data-settings=\"{&quot;_animation&quot;:&quot;fadeInLeft&quot;,&quot;_position&quot;:&quot;absolute&quot;}\" data-widget_type=\"image.default\">\n\t\t\t\t<div class=\"elementor-widget-container\">\n\t\t\t\t\t\t\t\t\t\t\t\t\t\t\t<img fetchpriority=\"high\" decoding=\"async\" width=\"640\" height=\"694\" src=\"https:\/\/apmurawskiego.pl\/wp-content\/uploads\/2021\/07\/chlopakpng.png\" class=\"attachment-large size-large wp-image-888\" alt=\"\" srcset=\"https:\/\/apmurawskiego.pl\/wp-content\/uploads\/2021\/07\/chlopakpng.png 762w, https:\/\/apmurawskiego.pl\/wp-content\/uploads\/2021\/07\/chlopakpng-277x300.png 277w\" sizes=\"(max-width: 34.9rem) calc(100vw - 2rem), (max-width: 53rem) calc(8 * (100vw \/ 12)), (min-width: 53rem) calc(6 * (100vw \/ 12)), 100vw\" \/>\t\t\t\t\t\t\t\t\t\t\t\t\t\t\t<\/div>\n\t\t\t\t<\/div>\n\t\t\t\t\t<\/div>\n\t\t<\/div>\n\t\t\t\t<div class=\"elementor-column elementor-col-50 elementor-top-column elementor-element elementor-element-e88554e\" data-id=\"e88554e\" data-element_type=\"column\">\n\t\t\t<div class=\"elementor-widget-wrap elementor-element-populated\">\n\t\t\t\t\t\t<div class=\"elementor-element elementor-element-38d1bfc animated-fast elementor-invisible elementor-widget elementor-widget-heading\" data-id=\"38d1bfc\" data-element_type=\"widget\" data-settings=\"{&quot;_animation&quot;:&quot;lightSpeedIn&quot;}\" data-widget_type=\"heading.default\">\n\t\t\t\t<div class=\"elementor-widget-container\">\n\t\t\t\t\t<h3 class=\"elementor-heading-title elementor-size-default\">Zapisz swoje dziecko do akademii<\/h3>\t\t\t\t<\/div>\n\t\t\t\t<\/div>\n\t\t\t\t<div class=\"elementor-element elementor-element-1bd1ed9 animated-fast elementor-invisible elementor-widget elementor-widget-text-editor\" data-id=\"1bd1ed9\" data-element_type=\"widget\" data-settings=\"{&quot;_animation&quot;:&quot;lightSpeedIn&quot;,&quot;_animation_delay&quot;:100}\" data-widget_type=\"text-editor.default\">\n\t\t\t\t<div class=\"elementor-widget-container\">\n\t\t\t\t\t\t\t\t\t<p>Rozpocznij pi\u0142karsk\u0105 przygod\u0119<\/p>\t\t\t\t\t\t\t\t<\/div>\n\t\t\t\t<\/div>\n\t\t\t\t<div class=\"elementor-element elementor-element-85e9a34 elementor-align-right animated-fast elementor-invisible elementor-widget elementor-widget-button\" data-id=\"85e9a34\" data-element_type=\"widget\" data-settings=\"{&quot;_animation&quot;:&quot;lightSpeedIn&quot;,&quot;_animation_delay&quot;:200}\" data-widget_type=\"button.default\">\n\t\t\t\t<div class=\"elementor-widget-container\">\n\t\t\t\t\t\t\t\t\t<div class=\"elementor-button-wrapper\">\n\t\t\t\t\t<a class=\"elementor-button elementor-button-link elementor-size-sm elementor-animation-grow\" href=\"https:\/\/apmurawskiego.pl\/index.php\/zapisy\/\">\n\t\t\t\t\t\t<span class=\"elementor-button-content-wrapper\">\n\t\t\t\t\t\t\t\t\t<span class=\"elementor-button-text\">Zapisy<\/span>\n\t\t\t\t\t<\/span>\n\t\t\t\t\t<\/a>\n\t\t\t\t<\/div>\n\t\t\t\t\t\t\t\t<\/div>\n\t\t\t\t<\/div>\n\t\t\t\t\t<\/div>\n\t\t<\/div>\n\t\t\t\t\t<\/div>\n\t\t<\/section>\n\t\t\t\t<\/div>\n\t\t","protected":false},"excerpt":{"rendered":"<p>Od dnia 01.04.2022 r. sk\u0142adka cz\u0142onkowska wynosi 200 z\u0142 za miesi\u0105c za jedno dziecko. W przypadku, gdy w Akademii trenuje rodze\u0144stwo sk\u0142adka cz\u0142onkowska za ka\u017cde z dzieci wynosi 170 z\u0142 za miesi\u0105c. Sk\u0142adki s\u0105 p\u0142atne do 10-ego dnia ka\u017cdego miesi\u0105ca z g\u00f3ry tj. do 10-ego dnia danego miesi\u0105ca za ten miesi\u0105c. Sk\u0142adki nale\u017cy uiszcza\u0107 na konto Akademii: 70 2030 0045 1110 0000 0387 5450. Sk\u0142adki s\u0105 op\u0142atami cz\u0142onkowskimi, a nie op\u0142atami za treningi. Nale\u017cy je uiszcza\u0107 zgodnie z podanym powy\u017cej terminem, przez 12 miesi\u0119cy w roku, niezale\u017cnie od przerwy wakacyjnej, kt\u00f3ra przypada na miesi\u0105c lipiec ka\u017cdego roku. Nie przewidujemy przerw w op\u0142acaniu sk\u0142adek. Ewentualne zwolnienie ze sk\u0142adek mo\u017ce nast\u0105pi\u0107 jedynie w wyj\u0105tkowych przypadkach, po udzieleniu zgody Zarz\u0105du, zgodnie z Regulaminem Akademii Pi\u0142karskiej Macieja Murawskiego. Zapisz swoje dziecko do akademii Rozpocznij pi\u0142karsk\u0105 przygod\u0119 Zapisy<\/p>\n","protected":false},"author":1,"featured_media":0,"parent":0,"menu_order":0,"comment_status":"closed","ping_status":"closed","template":"elementor_header_footer","meta":{"footnotes":""},"class_list":["post-755","page","type-page","status-publish","hentry","entry"],"_links":{"self":[{"href":"https:\/\/apmurawskiego.pl\/index.php\/wp-json\/wp\/v2\/pages\/755","targetHints":{"allow":["GET"]}}],"collection":[{"href":"https:\/\/apmurawskiego.pl\/index.php\/wp-json\/wp\/v2\/pages"}],"about":[{"href":"https:\/\/apmurawskiego.pl\/index.php\/wp-json\/wp\/v2\/types\/page"}],"author":[{"embeddable":true,"href":"https:\/\/apmurawskiego.pl\/index.php\/wp-json\/wp\/v2\/users\/1"}],"replies":[{"embeddable":true,"href":"https:\/\/apmurawskiego.pl\/index.php\/wp-json\/wp\/v2\/comments?post=755"}],"version-history":[{"count":70,"href":"https:\/\/apmurawskiego.pl\/index.php\/wp-json\/wp\/v2\/pages\/755\/revisions"}],"predecessor-version":[{"id":3854,"href":"https:\/\/apmurawskiego.pl\/index.php\/wp-json\/wp\/v2\/pages\/755\/revisions\/3854"}],"wp:attachment":[{"href":"https:\/\/apmurawskiego.pl\/index.php\/wp-json\/wp\/v2\/media?parent=755"}],"curies":[{"name":"wp","href":"https:\/\/api.w.org\/{rel}","templated":true}]}}