{"id":764,"date":"2021-07-08T08:12:53","date_gmt":"2021-07-08T06:12:53","guid":{"rendered":"https:\/\/apmmzg.webd.pro\/?page_id=764"},"modified":"2025-11-27T10:22:30","modified_gmt":"2025-11-27T09:22:30","slug":"zapisy","status":"publish","type":"page","link":"https:\/\/apmurawskiego.pl\/index.php\/zapisy\/","title":{"rendered":"Zapisy"},"content":{"rendered":"\t\t<div data-elementor-type=\"wp-page\" data-elementor-id=\"764\" class=\"elementor elementor-764\" data-elementor-post-type=\"page\">\n\t\t\t\t\t\t<section class=\"elementor-section elementor-top-section elementor-element elementor-element-bdf6b4d elementor-section-boxed elementor-section-height-default elementor-section-height-default wpr-particle-no wpr-jarallax-no wpr-parallax-no wpr-sticky-section-no\" data-id=\"bdf6b4d\" data-element_type=\"section\" data-settings=\"{&quot;background_background&quot;:&quot;classic&quot;}\">\n\t\t\t\t\t\t<div class=\"elementor-container elementor-column-gap-default\">\n\t\t\t\t\t<div class=\"elementor-column elementor-col-100 elementor-top-column elementor-element elementor-element-141422c\" data-id=\"141422c\" data-element_type=\"column\">\n\t\t\t<div class=\"elementor-widget-wrap elementor-element-populated\">\n\t\t\t\t\t\t\t<\/div>\n\t\t<\/div>\n\t\t\t\t\t<\/div>\n\t\t<\/section>\n\t\t\t\t<section class=\"elementor-section elementor-top-section elementor-element elementor-element-39ef12a elementor-section-boxed elementor-section-height-default elementor-section-height-default wpr-particle-no wpr-jarallax-no wpr-parallax-no wpr-sticky-section-no\" data-id=\"39ef12a\" data-element_type=\"section\">\n\t\t\t\t\t\t<div class=\"elementor-container elementor-column-gap-default\">\n\t\t\t\t\t<div class=\"elementor-column elementor-col-100 elementor-top-column elementor-element elementor-element-63ba008\" data-id=\"63ba008\" data-element_type=\"column\">\n\t\t\t<div class=\"elementor-widget-wrap elementor-element-populated\">\n\t\t\t\t\t\t<div class=\"elementor-element elementor-element-1e88fc4 elementor-widget elementor-widget-text-editor\" data-id=\"1e88fc4\" data-element_type=\"widget\" data-widget_type=\"text-editor.default\">\n\t\t\t\t<div class=\"elementor-widget-container\">\n\t\t\t\t\t\t\t\t\t<p class=\"has-text-align-left\" style=\"line-height: 1.3; text-align: left; font-size: 16px;\">Celem zapisania Dziecka do Akademii skontaktowa\u0107 si\u0119 z biurem Akademii (dane kontaktowe w zak\u0142adce Kontakt).\u00a0<\/p><p class=\"has-text-align-left\" style=\"line-height: 1.3; font-size: 16px;\">Przed przyst\u0105pieniem do trening\u00f3w nale\u017cy dostarczy\u0107 do Klubu nast\u0119puj\u0105ce dokumenty:<\/p><p class=\"has-text-align-left\" style=\"line-height: 1.3; font-size: 16px;\">1. podpisany dokument &#8222;<strong>Zgoda na uczestnictwo w zaj\u0119ciach sportowych&#8221;<\/strong><\/p><p class=\"has-text-align-left\" style=\"line-height: 1.3; font-size: 16px;\">2. podpisany dokument &#8222;<strong>Deklaracja cz\u0142onkowska Akademii<\/strong>&#8222;<\/p><p class=\"has-text-align-left\" style=\"line-height: 1.3; font-size: 16px;\">3. podpisany dokument &#8222;<strong>Deklaracja gry amatora<\/strong>&#8222;<\/p><p class=\"has-text-align-left\" style=\"line-height: 1.3; font-size: 16px;\">4. podpisany dokument &#8222;<strong>Klauzula RODO<\/strong>&#8222;<\/p><p class=\"has-text-align-left\" style=\"line-height: 1.3; font-size: 16px;\">Wszystkie dokumenty s\u0105 dost\u0119pne do pobrania w zak\u0142adce &#8222;Strefa Rodzica \/ Dokumenty do pobrania&#8221;.<\/p><p class=\"has-text-align-left\" style=\"line-height: 1.3; font-size: 16px;\">Rodzic\/opiekun prawny jest obowi\u0105zany zapozna\u0107 si\u0119 z <strong>Regulaminem Akademii Pi\u0142karskiej Macieja Murawskiego<\/strong> \u2013 dost\u0119pny w zak\u0142adce Strefa Rodzica \/ Dokumenty do pobrania. Podpisanie deklaracji cz\u0142onkowskiej Akademii jest r\u00f3wnoznaczne z akceptacj\u0105 regulaminu.<\/p><p class=\"has-text-align-left\" style=\"line-height: 1.3; font-size: 16px;\">Ka\u017cdy Zawodnik Akademii obowi\u0105zany jest za\u0142o\u017cy\u0107 profil na portalu PZPN \u201e\u0141\u0105czy nas pi\u0142ka\u201d oraz potwierdzi\u0107 swoje cz\u0142onkostwo w Akademii na tym portalu. Instrukcja zak\u0142adania konta oraz potwierdzania Zawodnik\u00f3w znajduje si\u0119 w zak\u0142adce &#8222;Strefa Rodzica \/ Dokumenty do pobrania&#8221;.<\/p><p class=\"has-text-align-left\" style=\"line-height: 1.3; font-size: 16px;\">Zawodnicy Akademii obowi\u0105zani s\u0105 legitymowa\u0107 si\u0119 <strong>aktualnym orzeczeniem lekarskim o mo\u017cliwo\u015bci uprawiania sportu \u2013 pi\u0142ka no\u017cna.<\/strong> Za\u015bwiadczenie w postaci karty zdrowia musi by\u0107 wydane przez lekarza medycyny sportowejo<\/p>\t\t\t\t\t\t\t\t<\/div>\n\t\t\t\t<\/div>\n\t\t\t\t\t<\/div>\n\t\t<\/div>\n\t\t\t\t\t<\/div>\n\t\t<\/section>\n\t\t\t\t<section class=\"elementor-section elementor-top-section elementor-element elementor-element-1f75511 elementor-hidden-desktop elementor-hidden-tablet elementor-hidden-mobile elementor-section-boxed elementor-section-height-default elementor-section-height-default wpr-particle-no wpr-jarallax-no wpr-parallax-no wpr-sticky-section-no\" data-id=\"1f75511\" data-element_type=\"section\">\n\t\t\t\t\t\t<div class=\"elementor-container elementor-column-gap-default\">\n\t\t\t\t\t<div class=\"elementor-column elementor-col-100 elementor-top-column elementor-element elementor-element-216031d\" data-id=\"216031d\" data-element_type=\"column\">\n\t\t\t<div class=\"elementor-widget-wrap elementor-element-populated\">\n\t\t\t\t\t\t<div class=\"elementor-element elementor-element-705da30 elementor-button-align-stretch elementor-widget elementor-widget-form\" data-id=\"705da30\" data-element_type=\"widget\" data-settings=\"{&quot;step_next_label&quot;:&quot;Next&quot;,&quot;step_previous_label&quot;:&quot;Previous&quot;,&quot;step_type&quot;:&quot;icon&quot;,&quot;step_icon_shape&quot;:&quot;rounded&quot;,&quot;button_width&quot;:&quot;100&quot;}\" data-widget_type=\"form.default\">\n\t\t\t\t<div class=\"elementor-widget-container\">\n\t\t\t\t\t\t\t<form class=\"elementor-form\" method=\"post\" name=\"New Form\">\n\t\t\t<input type=\"hidden\" name=\"post_id\" value=\"764\"\/>\n\t\t\t<input type=\"hidden\" name=\"form_id\" value=\"705da30\"\/>\n\t\t\t<input type=\"hidden\" name=\"referer_title\" value=\"\" \/>\n\n\t\t\t\n\t\t\t<div class=\"elementor-form-fields-wrapper elementor-labels-\">\n\t\t\t\t\t\t\t\t<div class=\"elementor-field-type-text elementor-field-group elementor-column elementor-field-group-name elementor-col-50\">\n\t\t\t\t\t\t\t\t\t\t\t\t<label for=\"form-field-name\" class=\"elementor-field-label elementor-screen-only\">\n\t\t\t\t\t\t\t\tImi\u0119 i Nazwisko dziecka\t\t\t\t\t\t\t<\/label>\n\t\t\t\t\t\t\t\t\t\t\t\t\t\t<input size=\"1\" type=\"text\" name=\"form_fields[name]\" id=\"form-field-name\" class=\"elementor-field elementor-size-sm  elementor-field-textual\" placeholder=\"Imi\u0119 i nazwisko dziecka\">\n\t\t\t\t\t\t\t\t\t\t\t<\/div>\n\t\t\t\t\t\t\t\t<div class=\"elementor-field-type-text elementor-field-group elementor-column elementor-field-group-email elementor-col-50\">\n\t\t\t\t\t\t\t\t\t\t\t\t<label for=\"form-field-email\" class=\"elementor-field-label elementor-screen-only\">\n\t\t\t\t\t\t\t\tRocznik\t\t\t\t\t\t\t<\/label>\n\t\t\t\t\t\t\t\t\t\t\t\t\t\t<input size=\"1\" type=\"text\" name=\"form_fields[email]\" id=\"form-field-email\" class=\"elementor-field elementor-size-sm  elementor-field-textual\" placeholder=\"Rocznik\">\n\t\t\t\t\t\t\t\t\t\t\t<\/div>\n\t\t\t\t\t\t\t\t<div class=\"elementor-field-type-tel elementor-field-group elementor-column elementor-field-group-field_44b3e2f elementor-col-50\">\n\t\t\t\t\t\t\t\t\t\t\t\t<label for=\"form-field-field_44b3e2f\" class=\"elementor-field-label elementor-screen-only\">\n\t\t\t\t\t\t\t\tPhone Number\t\t\t\t\t\t\t<\/label>\n\t\t\t\t\t\t\t\t<input size=\"1\" type=\"tel\" name=\"form_fields[field_44b3e2f]\" id=\"form-field-field_44b3e2f\" class=\"elementor-field elementor-size-sm  elementor-field-textual\" placeholder=\"Telefon rodzica\" pattern=\"[0-9()#&amp;+*-=.]+\" title=\"Akceptowane s\u0105 jedynie cyfry i znaki telefoniczne (#,-,*).\">\n\n\t\t\t\t\t\t<\/div>\n\t\t\t\t\t\t\t\t<div class=\"elementor-field-type-email elementor-field-group elementor-column elementor-field-group-field_cbb58fe elementor-col-50\">\n\t\t\t\t\t\t\t\t\t\t\t\t<label for=\"form-field-field_cbb58fe\" class=\"elementor-field-label elementor-screen-only\">\n\t\t\t\t\t\t\t\tE-mail\t\t\t\t\t\t\t<\/label>\n\t\t\t\t\t\t\t\t\t\t\t\t\t\t<input size=\"1\" type=\"email\" name=\"form_fields[field_cbb58fe]\" id=\"form-field-field_cbb58fe\" class=\"elementor-field elementor-size-sm  elementor-field-textual\" placeholder=\"E-mail\">\n\t\t\t\t\t\t\t\t\t\t\t<\/div>\n\t\t\t\t\t\t\t\t<div class=\"elementor-field-type-html elementor-field-group elementor-column elementor-field-group-field_b4e50a8 elementor-col-20\">\n\t\t\t\t\tWy\u015blij deklaracj\u0119\t\t\t\t<\/div>\n\t\t\t\t\t\t\t\t<div class=\"elementor-field-type-upload elementor-field-group elementor-column elementor-field-group-field_0a68774 elementor-col-33\">\n\t\t\t\t\t\t\t\t\t\t\t\t<label for=\"form-field-field_0a68774\" class=\"elementor-field-label elementor-screen-only\">\n\t\t\t\t\t\t\t\tWy\u015blij deklaracj\u0119\t\t\t\t\t\t\t<\/label>\n\t\t\t\t\t\t\t\t<input type=\"file\" name=\"form_fields[field_0a68774]\" id=\"form-field-field_0a68774\" class=\"elementor-field elementor-size-sm  elementor-upload-field\" data-maxsize=\"10\" data-maxsize-message=\"Rozmiar pliku przekracza dozwolony rozmiar.\">\n\n\t\t\t\t\t\t<\/div>\n\t\t\t\t\t\t\t\t<div class=\"elementor-field-group elementor-column elementor-field-type-submit elementor-col-100 e-form__buttons\">\n\t\t\t\t\t<button class=\"elementor-button elementor-size-sm\" type=\"submit\">\n\t\t\t\t\t\t<span class=\"elementor-button-content-wrapper\">\n\t\t\t\t\t\t\t\t\t\t\t\t\t\t\t\t\t\t\t\t\t\t<span class=\"elementor-button-text\">Wy\u015blij<\/span>\n\t\t\t\t\t\t\t\t\t\t\t\t\t<\/span>\n\t\t\t\t\t<\/button>\n\t\t\t\t<\/div>\n\t\t\t<\/div>\n\t\t<\/form>\n\t\t\t\t\t\t<\/div>\n\t\t\t\t<\/div>\n\t\t\t\t\t<\/div>\n\t\t<\/div>\n\t\t\t\t\t<\/div>\n\t\t<\/section>\n\t\t\t\t<\/div>\n\t\t","protected":false},"excerpt":{"rendered":"<p>Celem zapisania Dziecka do Akademii skontaktowa\u0107 si\u0119 z biurem Akademii (dane kontaktowe w zak\u0142adce Kontakt).\u00a0 Przed przyst\u0105pieniem do trening\u00f3w nale\u017cy dostarczy\u0107 do Klubu nast\u0119puj\u0105ce dokumenty: 1. podpisany dokument &#8222;Zgoda na uczestnictwo w zaj\u0119ciach sportowych&#8221; 2. podpisany dokument &#8222;Deklaracja cz\u0142onkowska Akademii&#8222; 3. podpisany dokument &#8222;Deklaracja gry amatora&#8222; 4. podpisany dokument &#8222;Klauzula RODO&#8222; Wszystkie dokumenty s\u0105 dost\u0119pne do pobrania w zak\u0142adce &#8222;Strefa Rodzica \/ Dokumenty do pobrania&#8221;. Rodzic\/opiekun prawny jest obowi\u0105zany zapozna\u0107 si\u0119 z Regulaminem Akademii Pi\u0142karskiej Macieja Murawskiego \u2013 dost\u0119pny w zak\u0142adce Strefa Rodzica \/ Dokumenty do pobrania. Podpisanie deklaracji cz\u0142onkowskiej Akademii jest r\u00f3wnoznaczne z akceptacj\u0105 regulaminu. Ka\u017cdy Zawodnik Akademii obowi\u0105zany jest za\u0142o\u017cy\u0107 profil na portalu PZPN \u201e\u0141\u0105czy nas pi\u0142ka\u201d oraz potwierdzi\u0107 swoje cz\u0142onkostwo w Akademii na tym portalu. Instrukcja zak\u0142adania konta oraz potwierdzania Zawodnik\u00f3w znajduje si\u0119 w zak\u0142adce &#8222;Strefa Rodzica \/ Dokumenty do pobrania&#8221;. Zawodnicy Akademii obowi\u0105zani s\u0105 legitymowa\u0107 si\u0119 aktualnym orzeczeniem lekarskim o mo\u017cliwo\u015bci uprawiania sportu \u2013 pi\u0142ka no\u017cna. Za\u015bwiadczenie w postaci karty zdrowia musi by\u0107 wydane przez lekarza medycyny sportowejo<\/p>\n","protected":false},"author":1,"featured_media":0,"parent":0,"menu_order":0,"comment_status":"closed","ping_status":"closed","template":"elementor_header_footer","meta":{"footnotes":""},"class_list":["post-764","page","type-page","status-publish","hentry","entry"],"_links":{"self":[{"href":"https:\/\/apmurawskiego.pl\/index.php\/wp-json\/wp\/v2\/pages\/764","targetHints":{"allow":["GET"]}}],"collection":[{"href":"https:\/\/apmurawskiego.pl\/index.php\/wp-json\/wp\/v2\/pages"}],"about":[{"href":"https:\/\/apmurawskiego.pl\/index.php\/wp-json\/wp\/v2\/types\/page"}],"author":[{"embeddable":true,"href":"https:\/\/apmurawskiego.pl\/index.php\/wp-json\/wp\/v2\/users\/1"}],"replies":[{"embeddable":true,"href":"https:\/\/apmurawskiego.pl\/index.php\/wp-json\/wp\/v2\/comments?post=764"}],"version-history":[{"count":70,"href":"https:\/\/apmurawskiego.pl\/index.php\/wp-json\/wp\/v2\/pages\/764\/revisions"}],"predecessor-version":[{"id":5351,"href":"https:\/\/apmurawskiego.pl\/index.php\/wp-json\/wp\/v2\/pages\/764\/revisions\/5351"}],"wp:attachment":[{"href":"https:\/\/apmurawskiego.pl\/index.php\/wp-json\/wp\/v2\/media?parent=764"}],"curies":[{"name":"wp","href":"https:\/\/api.w.org\/{rel}","templated":true}]}}